{"id":94,"date":"2021-07-06T04:15:41","date_gmt":"2021-07-06T04:15:41","guid":{"rendered":"http:\/\/dl-investment.vn\/?page_id=94"},"modified":"2022-07-18T13:39:25","modified_gmt":"2022-07-18T06:39:25","slug":"trang-chu","status":"publish","type":"page","link":"https:\/\/dl-investment.vn\/vi","title":{"rendered":"Trang ch\u1ee7"},"content":{"rendered":"","protected":false},"excerpt":{"rendered":"","protected":false},"author":1,"featured_media":0,"parent":0,"menu_order":0,"comment_status":"closed","ping_status":"closed","template":"home.php","meta":{"footnotes":""},"class_list":["post-94","page","type-page","status-publish","hentry"],"acf":[],"yoast_head":"<!-- This site is optimized with the Yoast SEO plugin v20.4 - https:\/\/yoast.com\/wordpress\/plugins\/seo\/ -->\n<title>C\u00f4ng ty TNHH DL Investment<\/title>\n<meta name=\"description\" content=\"\u0110\u01b0\u1ee3c th\u00e0nh l\u1eadp v\u00e0o n\u0103m 2005 L\u00e0 m\u1ed9t c\u00f4ng ty \u0111\u1ea7u t\u01b0 v\u00e0 ph\u00e1t tri\u1ec3n b\u1ea5t \u0111\u1ed9ng s\u1ea3n, trong nh\u1eefng n\u0103m qua C\u00f4ng Ty TNHH DL Investment \u0111\u00e3 g\u1eb7t h\u00e1i \u0111\u01b0\u1ee3c nhi\u1ec1u th\u00e0nh c\u00f4ng trong l\u0129nh v\u1ef1c n\u00e0y, \u0111\u1eb7c bi\u1ec7t l\u00e0 d\u1ef1 \u00e1n khu \u0111\u00f4 th\u1ecb ph\u1ee9c h\u1ee3p t\u1ea1i \u0110\u1ed3ng Nai. Lo\u1ea1i b\u1ea5t \u0111\u1ed9ng s\u1ea3n m\u1edbi n\u00e0y \u0111\u01b0\u1ee3c c\u00f4ng ty \u0111\u1eb7c bi\u1ec7t l\u1ef1a ch\u1ecdn \u0111\u1ec3 truy\u1ec1n t\u1ea3i \u00fd t\u01b0\u1edfng \u201cth\u01b0 gi\u00e3n, s\u1ed1ng v\u00e0 l\u00e0m vi\u1ec7c\u201d to\u00e0n di\u1ec7n cho cu\u1ed9c s\u1ed1ng th\u01b0\u1ee3ng l\u01b0u.\" \/>\n<meta name=\"robots\" content=\"index, follow, max-snippet:-1, max-image-preview:large, max-video-preview:-1\" \/>\n<link rel=\"canonical\" href=\"https:\/\/dl-investment.vn\/vi\" \/>\n<meta property=\"og:locale\" content=\"vi_VN\" \/>\n<meta property=\"og:type\" content=\"article\" \/>\n<meta property=\"og:title\" content=\"C\u00f4ng ty TNHH DL Investment\" \/>\n<meta property=\"og:description\" content=\"\u0110\u01b0\u1ee3c th\u00e0nh l\u1eadp v\u00e0o n\u0103m 2005 L\u00e0 m\u1ed9t c\u00f4ng ty \u0111\u1ea7u t\u01b0 v\u00e0 ph\u00e1t tri\u1ec3n b\u1ea5t \u0111\u1ed9ng s\u1ea3n, trong nh\u1eefng n\u0103m qua C\u00f4ng Ty TNHH DL Investment \u0111\u00e3 g\u1eb7t h\u00e1i \u0111\u01b0\u1ee3c nhi\u1ec1u th\u00e0nh c\u00f4ng trong l\u0129nh v\u1ef1c n\u00e0y, \u0111\u1eb7c bi\u1ec7t l\u00e0 d\u1ef1 \u00e1n khu \u0111\u00f4 th\u1ecb ph\u1ee9c h\u1ee3p t\u1ea1i \u0110\u1ed3ng Nai. Lo\u1ea1i b\u1ea5t \u0111\u1ed9ng s\u1ea3n m\u1edbi n\u00e0y \u0111\u01b0\u1ee3c c\u00f4ng ty \u0111\u1eb7c bi\u1ec7t l\u1ef1a ch\u1ecdn \u0111\u1ec3 truy\u1ec1n t\u1ea3i \u00fd t\u01b0\u1edfng \u201cth\u01b0 gi\u00e3n, s\u1ed1ng v\u00e0 l\u00e0m vi\u1ec7c\u201d to\u00e0n di\u1ec7n cho cu\u1ed9c s\u1ed1ng th\u01b0\u1ee3ng l\u01b0u.\" \/>\n<meta property=\"og:url\" content=\"https:\/\/dl-investment.vn\/vi\" \/>\n<meta property=\"og:site_name\" content=\"DL Investment\" \/>\n<meta property=\"article:modified_time\" content=\"2022-07-18T06:39:25+00:00\" \/>\n<meta property=\"og:image\" content=\"https:\/\/dl-investment.vn\/wp-content\/uploads\/2022\/07\/sharelogo.jpg\" \/>\n\t<meta property=\"og:image:width\" content=\"500\" \/>\n\t<meta property=\"og:image:height\" content=\"305\" \/>\n\t<meta property=\"og:image:type\" content=\"image\/jpeg\" \/>\n<meta name=\"twitter:card\" content=\"summary_large_image\" \/>\n<meta name=\"twitter:title\" content=\"C\u00f4ng ty TNHH DL Investment\" \/>\n<meta name=\"twitter:description\" content=\"\u0110\u01b0\u1ee3c th\u00e0nh l\u1eadp v\u00e0o n\u0103m 2005 L\u00e0 m\u1ed9t c\u00f4ng ty \u0111\u1ea7u t\u01b0 v\u00e0 ph\u00e1t tri\u1ec3n b\u1ea5t \u0111\u1ed9ng s\u1ea3n, trong nh\u1eefng n\u0103m qua C\u00f4ng Ty TNHH DL Investment \u0111\u00e3 g\u1eb7t h\u00e1i \u0111\u01b0\u1ee3c nhi\u1ec1u th\u00e0nh c\u00f4ng trong l\u0129nh v\u1ef1c n\u00e0y, \u0111\u1eb7c bi\u1ec7t l\u00e0 d\u1ef1 \u00e1n khu \u0111\u00f4 th\u1ecb ph\u1ee9c h\u1ee3p t\u1ea1i \u0110\u1ed3ng Nai. Lo\u1ea1i b\u1ea5t \u0111\u1ed9ng s\u1ea3n m\u1edbi n\u00e0y \u0111\u01b0\u1ee3c c\u00f4ng ty \u0111\u1eb7c bi\u1ec7t l\u1ef1a ch\u1ecdn \u0111\u1ec3 truy\u1ec1n t\u1ea3i \u00fd t\u01b0\u1edfng \u201cth\u01b0 gi\u00e3n, s\u1ed1ng v\u00e0 l\u00e0m vi\u1ec7c\u201d to\u00e0n di\u1ec7n cho cu\u1ed9c s\u1ed1ng th\u01b0\u1ee3ng l\u01b0u.\" \/>\n<meta name=\"twitter:image\" content=\"https:\/\/dl-investment.vn\/wp-content\/uploads\/2022\/07\/sharelogo.jpg\" \/>\n<script type=\"application\/ld+json\" class=\"yoast-schema-graph\">{\"@context\":\"https:\/\/schema.org\",\"@graph\":[{\"@type\":\"WebPage\",\"@id\":\"https:\/\/dl-investment.vn\/vi\",\"url\":\"https:\/\/dl-investment.vn\/vi\",\"name\":\"C\u00f4ng ty TNHH DL Investment\",\"isPartOf\":{\"@id\":\"https:\/\/dl-investment.vn\/vi#website\"},\"datePublished\":\"2021-07-06T04:15:41+00:00\",\"dateModified\":\"2022-07-18T06:39:25+00:00\",\"description\":\"\u0110\u01b0\u1ee3c th\u00e0nh l\u1eadp v\u00e0o n\u0103m 2005 L\u00e0 m\u1ed9t c\u00f4ng ty \u0111\u1ea7u t\u01b0 v\u00e0 ph\u00e1t tri\u1ec3n b\u1ea5t \u0111\u1ed9ng s\u1ea3n, trong nh\u1eefng n\u0103m qua C\u00f4ng Ty TNHH DL Investment \u0111\u00e3 g\u1eb7t h\u00e1i \u0111\u01b0\u1ee3c nhi\u1ec1u th\u00e0nh c\u00f4ng trong l\u0129nh v\u1ef1c n\u00e0y, \u0111\u1eb7c bi\u1ec7t l\u00e0 d\u1ef1 \u00e1n khu \u0111\u00f4 th\u1ecb ph\u1ee9c h\u1ee3p t\u1ea1i \u0110\u1ed3ng Nai. Lo\u1ea1i b\u1ea5t \u0111\u1ed9ng s\u1ea3n m\u1edbi n\u00e0y \u0111\u01b0\u1ee3c c\u00f4ng ty \u0111\u1eb7c bi\u1ec7t l\u1ef1a ch\u1ecdn \u0111\u1ec3 truy\u1ec1n t\u1ea3i \u00fd t\u01b0\u1edfng \u201cth\u01b0 gi\u00e3n, s\u1ed1ng v\u00e0 l\u00e0m vi\u1ec7c\u201d to\u00e0n di\u1ec7n cho cu\u1ed9c s\u1ed1ng th\u01b0\u1ee3ng l\u01b0u.\",\"breadcrumb\":{\"@id\":\"https:\/\/dl-investment.vn\/vi#breadcrumb\"},\"inLanguage\":\"vi-VN\",\"potentialAction\":[{\"@type\":\"ReadAction\",\"target\":[\"https:\/\/dl-investment.vn\/vi\"]}]},{\"@type\":\"BreadcrumbList\",\"@id\":\"https:\/\/dl-investment.vn\/vi#breadcrumb\",\"itemListElement\":[{\"@type\":\"ListItem\",\"position\":1,\"name\":\"\",\"item\":\"https:\/\/dl-investment.vn\/vi\"},{\"@type\":\"ListItem\",\"position\":2,\"name\":\"Trang ch\u1ee7\"}]},{\"@type\":\"WebSite\",\"@id\":\"https:\/\/dl-investment.vn\/vi#website\",\"url\":\"https:\/\/dl-investment.vn\/vi\",\"name\":\"DL Investment\",\"description\":\"C\u00f4ng ty TNHH DL Investment\",\"publisher\":{\"@id\":\"https:\/\/dl-investment.vn\/vi#organization\"},\"potentialAction\":[{\"@type\":\"SearchAction\",\"target\":{\"@type\":\"EntryPoint\",\"urlTemplate\":\"https:\/\/dl-investment.vn\/vi?s={search_term_string}\"},\"query-input\":\"required name=search_term_string\"}],\"inLanguage\":\"vi-VN\"},{\"@type\":\"Organization\",\"@id\":\"https:\/\/dl-investment.vn\/vi#organization\",\"name\":\"DL Investment Copmpany Limited\",\"url\":\"https:\/\/dl-investment.vn\/vi\",\"logo\":{\"@type\":\"ImageObject\",\"inLanguage\":\"vi-VN\",\"@id\":\"https:\/\/dl-investment.vn\/vi#\/schema\/logo\/image\/\",\"url\":\"https:\/\/dl-investment.vn\/wp-content\/uploads\/2022\/09\/sharelogo.jpg\",\"contentUrl\":\"https:\/\/dl-investment.vn\/wp-content\/uploads\/2022\/09\/sharelogo.jpg\",\"width\":500,\"height\":305,\"caption\":\"DL Investment Copmpany Limited\"},\"image\":{\"@id\":\"https:\/\/dl-investment.vn\/vi#\/schema\/logo\/image\/\"}}]}<\/script>\n<!-- \/ Yoast SEO plugin. -->","yoast_head_json":{"title":"C\u00f4ng ty TNHH DL Investment","description":"\u0110\u01b0\u1ee3c th\u00e0nh l\u1eadp v\u00e0o n\u0103m 2005 L\u00e0 m\u1ed9t c\u00f4ng ty \u0111\u1ea7u t\u01b0 v\u00e0 ph\u00e1t tri\u1ec3n b\u1ea5t \u0111\u1ed9ng s\u1ea3n, trong nh\u1eefng n\u0103m qua C\u00f4ng Ty TNHH DL Investment \u0111\u00e3 g\u1eb7t h\u00e1i \u0111\u01b0\u1ee3c nhi\u1ec1u th\u00e0nh c\u00f4ng trong l\u0129nh v\u1ef1c n\u00e0y, \u0111\u1eb7c bi\u1ec7t l\u00e0 d\u1ef1 \u00e1n khu \u0111\u00f4 th\u1ecb ph\u1ee9c h\u1ee3p t\u1ea1i \u0110\u1ed3ng Nai. Lo\u1ea1i b\u1ea5t \u0111\u1ed9ng s\u1ea3n m\u1edbi n\u00e0y \u0111\u01b0\u1ee3c c\u00f4ng ty \u0111\u1eb7c bi\u1ec7t l\u1ef1a ch\u1ecdn \u0111\u1ec3 truy\u1ec1n t\u1ea3i \u00fd t\u01b0\u1edfng \u201cth\u01b0 gi\u00e3n, s\u1ed1ng v\u00e0 l\u00e0m vi\u1ec7c\u201d to\u00e0n di\u1ec7n cho cu\u1ed9c s\u1ed1ng th\u01b0\u1ee3ng l\u01b0u.","robots":{"index":"index","follow":"follow","max-snippet":"max-snippet:-1","max-image-preview":"max-image-preview:large","max-video-preview":"max-video-preview:-1"},"canonical":"https:\/\/dl-investment.vn\/vi","og_locale":"vi_VN","og_type":"article","og_title":"C\u00f4ng ty TNHH DL Investment","og_description":"\u0110\u01b0\u1ee3c th\u00e0nh l\u1eadp v\u00e0o n\u0103m 2005 L\u00e0 m\u1ed9t c\u00f4ng ty \u0111\u1ea7u t\u01b0 v\u00e0 ph\u00e1t tri\u1ec3n b\u1ea5t \u0111\u1ed9ng s\u1ea3n, trong nh\u1eefng n\u0103m qua C\u00f4ng Ty TNHH DL Investment \u0111\u00e3 g\u1eb7t h\u00e1i \u0111\u01b0\u1ee3c nhi\u1ec1u th\u00e0nh c\u00f4ng trong l\u0129nh v\u1ef1c n\u00e0y, \u0111\u1eb7c bi\u1ec7t l\u00e0 d\u1ef1 \u00e1n khu \u0111\u00f4 th\u1ecb ph\u1ee9c h\u1ee3p t\u1ea1i \u0110\u1ed3ng Nai. Lo\u1ea1i b\u1ea5t \u0111\u1ed9ng s\u1ea3n m\u1edbi n\u00e0y \u0111\u01b0\u1ee3c c\u00f4ng ty \u0111\u1eb7c bi\u1ec7t l\u1ef1a ch\u1ecdn \u0111\u1ec3 truy\u1ec1n t\u1ea3i \u00fd t\u01b0\u1edfng \u201cth\u01b0 gi\u00e3n, s\u1ed1ng v\u00e0 l\u00e0m vi\u1ec7c\u201d to\u00e0n di\u1ec7n cho cu\u1ed9c s\u1ed1ng th\u01b0\u1ee3ng l\u01b0u.","og_url":"https:\/\/dl-investment.vn\/vi","og_site_name":"DL Investment","article_modified_time":"2022-07-18T06:39:25+00:00","og_image":[{"width":500,"height":305,"url":"https:\/\/dl-investment.vn\/wp-content\/uploads\/2022\/07\/sharelogo.jpg","type":"image\/jpeg"}],"twitter_card":"summary_large_image","twitter_title":"C\u00f4ng ty TNHH DL Investment","twitter_description":"\u0110\u01b0\u1ee3c th\u00e0nh l\u1eadp v\u00e0o n\u0103m 2005 L\u00e0 m\u1ed9t c\u00f4ng ty \u0111\u1ea7u t\u01b0 v\u00e0 ph\u00e1t tri\u1ec3n b\u1ea5t \u0111\u1ed9ng s\u1ea3n, trong nh\u1eefng n\u0103m qua C\u00f4ng Ty TNHH DL Investment \u0111\u00e3 g\u1eb7t h\u00e1i \u0111\u01b0\u1ee3c nhi\u1ec1u th\u00e0nh c\u00f4ng trong l\u0129nh v\u1ef1c n\u00e0y, \u0111\u1eb7c bi\u1ec7t l\u00e0 d\u1ef1 \u00e1n khu \u0111\u00f4 th\u1ecb ph\u1ee9c h\u1ee3p t\u1ea1i \u0110\u1ed3ng Nai. Lo\u1ea1i b\u1ea5t \u0111\u1ed9ng s\u1ea3n m\u1edbi n\u00e0y \u0111\u01b0\u1ee3c c\u00f4ng ty \u0111\u1eb7c bi\u1ec7t l\u1ef1a ch\u1ecdn \u0111\u1ec3 truy\u1ec1n t\u1ea3i \u00fd t\u01b0\u1edfng \u201cth\u01b0 gi\u00e3n, s\u1ed1ng v\u00e0 l\u00e0m vi\u1ec7c\u201d to\u00e0n di\u1ec7n cho cu\u1ed9c s\u1ed1ng th\u01b0\u1ee3ng l\u01b0u.","twitter_image":"https:\/\/dl-investment.vn\/wp-content\/uploads\/2022\/07\/sharelogo.jpg","schema":{"@context":"https:\/\/schema.org","@graph":[{"@type":"WebPage","@id":"https:\/\/dl-investment.vn\/vi","url":"https:\/\/dl-investment.vn\/vi","name":"C\u00f4ng ty TNHH DL Investment","isPartOf":{"@id":"https:\/\/dl-investment.vn\/vi#website"},"datePublished":"2021-07-06T04:15:41+00:00","dateModified":"2022-07-18T06:39:25+00:00","description":"\u0110\u01b0\u1ee3c th\u00e0nh l\u1eadp v\u00e0o n\u0103m 2005 L\u00e0 m\u1ed9t c\u00f4ng ty \u0111\u1ea7u t\u01b0 v\u00e0 ph\u00e1t tri\u1ec3n b\u1ea5t \u0111\u1ed9ng s\u1ea3n, trong nh\u1eefng n\u0103m qua C\u00f4ng Ty TNHH DL Investment \u0111\u00e3 g\u1eb7t h\u00e1i \u0111\u01b0\u1ee3c nhi\u1ec1u th\u00e0nh c\u00f4ng trong l\u0129nh v\u1ef1c n\u00e0y, \u0111\u1eb7c bi\u1ec7t l\u00e0 d\u1ef1 \u00e1n khu \u0111\u00f4 th\u1ecb ph\u1ee9c h\u1ee3p t\u1ea1i \u0110\u1ed3ng Nai. Lo\u1ea1i b\u1ea5t \u0111\u1ed9ng s\u1ea3n m\u1edbi n\u00e0y \u0111\u01b0\u1ee3c c\u00f4ng ty \u0111\u1eb7c bi\u1ec7t l\u1ef1a ch\u1ecdn \u0111\u1ec3 truy\u1ec1n t\u1ea3i \u00fd t\u01b0\u1edfng \u201cth\u01b0 gi\u00e3n, s\u1ed1ng v\u00e0 l\u00e0m vi\u1ec7c\u201d to\u00e0n di\u1ec7n cho cu\u1ed9c s\u1ed1ng th\u01b0\u1ee3ng l\u01b0u.","breadcrumb":{"@id":"https:\/\/dl-investment.vn\/vi#breadcrumb"},"inLanguage":"vi-VN","potentialAction":[{"@type":"ReadAction","target":["https:\/\/dl-investment.vn\/vi"]}]},{"@type":"BreadcrumbList","@id":"https:\/\/dl-investment.vn\/vi#breadcrumb","itemListElement":[{"@type":"ListItem","position":1,"name":"","item":"https:\/\/dl-investment.vn\/vi"},{"@type":"ListItem","position":2,"name":"Trang ch\u1ee7"}]},{"@type":"WebSite","@id":"https:\/\/dl-investment.vn\/vi#website","url":"https:\/\/dl-investment.vn\/vi","name":"DL Investment","description":"C\u00f4ng ty TNHH DL Investment","publisher":{"@id":"https:\/\/dl-investment.vn\/vi#organization"},"potentialAction":[{"@type":"SearchAction","target":{"@type":"EntryPoint","urlTemplate":"https:\/\/dl-investment.vn\/vi?s={search_term_string}"},"query-input":"required name=search_term_string"}],"inLanguage":"vi-VN"},{"@type":"Organization","@id":"https:\/\/dl-investment.vn\/vi#organization","name":"DL Investment Copmpany Limited","url":"https:\/\/dl-investment.vn\/vi","logo":{"@type":"ImageObject","inLanguage":"vi-VN","@id":"https:\/\/dl-investment.vn\/vi#\/schema\/logo\/image\/","url":"https:\/\/dl-investment.vn\/wp-content\/uploads\/2022\/09\/sharelogo.jpg","contentUrl":"https:\/\/dl-investment.vn\/wp-content\/uploads\/2022\/09\/sharelogo.jpg","width":500,"height":305,"caption":"DL Investment Copmpany Limited"},"image":{"@id":"https:\/\/dl-investment.vn\/vi#\/schema\/logo\/image\/"}}]}},"_links":{"self":[{"href":"https:\/\/dl-investment.vn\/vi\/wp-json\/wp\/v2\/pages\/94","targetHints":{"allow":["GET"]}}],"collection":[{"href":"https:\/\/dl-investment.vn\/vi\/wp-json\/wp\/v2\/pages"}],"about":[{"href":"https:\/\/dl-investment.vn\/vi\/wp-json\/wp\/v2\/types\/page"}],"author":[{"embeddable":true,"href":"https:\/\/dl-investment.vn\/vi\/wp-json\/wp\/v2\/users\/1"}],"replies":[{"embeddable":true,"href":"https:\/\/dl-investment.vn\/vi\/wp-json\/wp\/v2\/comments?post=94"}],"version-history":[{"count":1,"href":"https:\/\/dl-investment.vn\/vi\/wp-json\/wp\/v2\/pages\/94\/revisions"}],"predecessor-version":[{"id":95,"href":"https:\/\/dl-investment.vn\/vi\/wp-json\/wp\/v2\/pages\/94\/revisions\/95"}],"wp:attachment":[{"href":"https:\/\/dl-investment.vn\/vi\/wp-json\/wp\/v2\/media?parent=94"}],"curies":[{"name":"wp","href":"https:\/\/api.w.org\/{rel}","templated":true}]}}