{"id":304,"date":"2021-07-17T15:17:04","date_gmt":"2021-07-17T08:17:04","guid":{"rendered":"http:\/\/dl-investment.vn\/?page_id=304"},"modified":"2023-03-20T14:07:23","modified_gmt":"2023-03-20T07:07:23","slug":"gioi-thieu","status":"publish","type":"page","link":"https:\/\/dl-investment.vn\/vi\/gioi-thieu","title":{"rendered":"Gi\u1edbi thi\u1ec7u"},"content":{"rendered":"<p style=\"text-align: justify;\">\u0110\u01b0\u1ee3c th\u00e0nh l\u1eadp v\u00e0o n\u0103m 2005 L\u00e0 m\u1ed9t c\u00f4ng ty \u0111\u1ea7u t\u01b0 v\u00e0 ph\u00e1t tri\u1ec3n b\u1ea5t \u0111\u1ed9ng s\u1ea3n, trong nh\u1eefng n\u0103m qua C\u00f4ng Ty TNHH DL Investment \u0111\u00e3 g\u1eb7t h\u00e1i \u0111\u01b0\u1ee3c nhi\u1ec1u th\u00e0nh c\u00f4ng trong l\u0129nh v\u1ef1c n\u00e0y, \u0111\u1eb7c bi\u1ec7t l\u00e0 d\u1ef1 \u00e1n khu \u0111\u00f4 th\u1ecb ph\u1ee9c h\u1ee3p t\u1ea1i \u0110\u1ed3ng Nai. Lo\u1ea1i b\u1ea5t \u0111\u1ed9ng s\u1ea3n m\u1edbi n\u00e0y \u0111\u01b0\u1ee3c c\u00f4ng ty \u0111\u1eb7c bi\u1ec7t l\u1ef1a ch\u1ecdn \u0111\u1ec3 truy\u1ec1n t\u1ea3i \u00fd t\u01b0\u1edfng \u201cth\u01b0 gi\u00e3n, s\u1ed1ng v\u00e0 l\u00e0m vi\u1ec7c\u201d to\u00e0n di\u1ec7n cho cu\u1ed9c s\u1ed1ng th\u01b0\u1ee3ng l\u01b0u.<\/p>\n<p style=\"text-align: justify;\">C\u00f4ng Ty TNHH DL Investment \u0111\u00e3 quy\u1ebft \u0111\u1ecbnh \u0111a d\u1ea1ng h\u00f3a kho\u1ea3n \u0111\u1ea7u t\u01b0, \u0111\u1ea7u ti\u00ean l\u00e0 v\u00e0o ng\u00e0nh kh\u00e1ch s\u1ea1n. InterContinental\u00ae Nha Trang, m\u1ed9t d\u1ef1 \u00e1n kh\u00e1ch s\u1ea1n danh gi\u00e1 n\u1eb1m ngay trung t\u00e2m th\u00e0nh ph\u1ed1 Nha Trang, v\u1edbi v\u1ecb tr\u00ed \u0111\u1eb9p nh\u01b0 tranh v\u1ebd t\u1ea1i m\u1ed9t trong nh\u1eefng v\u1ecbnh \u0111\u1eb9p nh\u1ea5t th\u1ebf gi\u1edbi, kh\u1eb3ng \u0111\u1ecbnh ch\u1ea5t l\u01b0\u1ee3ng v\u00e0 v\u1ecb th\u1ebf d\u1eabn \u0111\u1ea7u c\u1ee7a ng\u00e0nh kh\u00e1ch s\u1ea1n trong vi\u1ec7c v\u1eadn h\u00e0nh c\u00f9ng v\u1edbi IHG\u00ae.<\/p>\n<p style=\"text-align: justify;\">Song song v\u1edbi l\u0129nh v\u1ef1c kinh doanh kh\u00e1ch s\u1ea1n, C\u00f4ng Ty TNHH DL Investment c\u0169ng \u0111\u00e3 m\u1edf r\u1ed9ng chi nh\u00e1nh th\u1ef1c ph\u1ea9m v\u00e0 \u0111\u1ed3 u\u1ed1ng, c\u1ee5 th\u1ec3 l\u00e0 h\u1ee3p t\u00e1c v\u1edbi c\u00e1c ch\u1ee7 s\u1edf h\u1eefu \u0111\u1ea1i l\u00fd \u0111\u1ed9c quy\u1ec1n Nh\u1eadt B\u1ea3n \u0111\u1ec3 kinh doanh v\u00e0 \u0111i\u1ec1u h\u00e0nh m\u1ed9t s\u1ed1 nh\u00e0 h\u00e0ng Nh\u1eadt B\u1ea3n.<\/p>\n<p style=\"text-align: justify;\">Trong s\u1ed1 c\u00e1c d\u1ef1 \u00e1n th\u00e0nh c\u00f4ng, The Costa Residences Nha Trang \u2013 Khu c\u0103n h\u1ed9 sang tr\u1ecdng 5 sao l\u00e0 m\u1ed9t trong nh\u1eefng b\u01b0\u1edbc ph\u00e1t tri\u1ec3n n\u1ed5i b\u1eadt v\u00e0 th\u00e0nh c\u00f4ng c\u1ee7a ch\u00fang t\u00f4i.<\/p>\n<p style=\"text-align: justify;\">T\u1ea1i C\u00f4ng Ty TNHH DL Investment, ch\u00fang t\u00f4i tin t\u01b0\u1edfng v\u00e0o vi\u1ec7c kh\u00f4ng ng\u1eebng th\u1eed th\u00e1ch b\u1ea3n th\u00e2n \u0111\u1ec3 m\u1edf r\u1ed9ng ranh gi\u1edbi b\u1ea5t \u0111\u1ed9ng s\u1ea3n h\u1ea1ng sang, x\u00e2y d\u1ef1ng c\u00e1c \u00fd t\u01b0\u1edfng v\u1ec1 phong c\u00e1ch s\u1ed1ng \u0111\u1ed9c \u0111\u00e1o v\u1edbi c\u00e1c gi\u1ea3i ph\u00e1p t\u1ed1t nh\u1ea5t khi thi\u1ebft k\u1ebf x\u00e2y d\u1ef1ng c\u0103n h\u1ed9 cao c\u1ea5p, mang l\u1ea1i c\u00e1c \u00fd t\u01b0\u1edfng thi\u1ebft k\u1ebf kh\u00e1c bi\u1ec7t v\u00e0 cu\u1ed1i c\u00f9ng l\u00e0 thay \u0111\u1ed5i c\u00e1ch t\u01b0 duy c\u1ee7a ng\u00e0nh c\u00f4ng nghi\u1ec7p n\u00e0y.<\/p>\n<p style=\"text-align: justify;\">V\u1edbi \u0111\u1ed9i ng\u0169 nh\u00e2n vi\u00ean lu\u00f4n \u0111\u1ed3ng l\u00f2ng ti\u1ebfn v\u1ec1 ph\u00eda tr\u01b0\u1edbc, g\u1eafn k\u1ebft v\u00e0 c\u00f9ng nhau l\u00e0m vi\u1ec7c \u0111\u1ec3 \u0111\u1ea1t hi\u1ec7u qu\u1ea3 cao nh\u1ea5t, \u0111\u1ed3ng th\u1eddi \u0111i\u1ec3m m\u1ea1nh c\u1ee7a m\u1ed7i ng\u01b0\u1eddi lu\u00f4n \u0111\u01b0\u1ee3c t\u00f4n vinh, t\u1eadp \u0111o\u00e0n ch\u00fang t\u00f4i c\u00f3 ni\u1ec1m tin m\u1ea1nh m\u1ebd v\u00e0o vi\u1ec7c \u0111\u1ea7u t\u01b0 ngu\u1ed3n nh\u00e2n l\u1ef1c, nu\u00f4i d\u01b0\u1ee1ng k\u1ef9 n\u0103ng l\u00e3nh \u0111\u1ea1o v\u00e0 li\u00ean t\u1ee5c c\u1ee7ng c\u1ed1 ki\u1ebfn th\u1ee9c \u0111\u1ec3 ti\u1ebfp t\u1ee5c v\u01b0\u1ee3t qua c\u00e1c th\u00e1ch th\u1ee9c s\u1eafp t\u1edbi.<\/p>\n<p style=\"text-align: justify;\">S\u1ee8 M\u1ec6NH: Tr\u1edf th\u00e0nh ng\u01b0\u1eddi d\u1eabn \u0111\u1ea7u trong l\u0129nh v\u1ef1c b\u1ea5t\u0111\u1ed9ng s\u1ea3n, kh\u00e1ch s\u1ea1n v\u00e0 nh\u00e0 h\u00e0ng b\u1eb1ng c\u00e1ch cung c\u1ea5p c\u00e1c d\u1ecbch v\u1ee5 cao c\u1ea5p, c\u00e1c m\u1ed1i quan h\u1ec7 v\u00e0 l\u1ee3i nhu\u1eadn.<\/p>\n<p style=\"text-align: justify;\">T\u1ea6M NH\u00ccN: Cung c\u1ea5p c\u00e1c d\u1ecbch v\u1ee5 ph\u00e1t tri\u1ec3n khu c\u0103n h\u1ed9 v\u00e0 kh\u00e1ch s\u1ea1n ch\u1ea5t l\u01b0\u1ee3ng v\u01b0\u1ee3t tr\u00ean c\u1ea3 s\u1ef1 mong \u0111\u1ee3i c\u1ee7a kh\u00e1ch h\u00e0ng<\/p>\n<p style=\"text-align: justify;\">GI\u00c1 TR\u1eca C\u1ed0T L\u00d5I: Ph\u00e1t tri\u1ec3n \u0111i l\u00ean b\u1eb1ng s\u1ef1 s\u00e1ng t\u1ea1o Trung th\u1ef1c, li\u00eam ch\u00ednh v\u00e0 \u0111\u1ea1o \u0111\u1ee9c kinh doanh lu\u00f4n ph\u1ea3i c\u00f3 trong m\u1ecdi kh\u00eda c\u1ea1nh.<\/p>\n","protected":false},"excerpt":{"rendered":"<p>\u0110\u01b0\u1ee3c th\u00e0nh l\u1eadp v\u00e0o n\u0103m 2005 L\u00e0 m\u1ed9t c\u00f4ng ty \u0111\u1ea7u t\u01b0 v\u00e0 ph\u00e1t tri\u1ec3n b\u1ea5t \u0111\u1ed9ng s\u1ea3n, trong nh\u1eefng n\u0103m qua C\u00f4ng Ty TNHH DL Investment \u0111\u00e3 g\u1eb7t h\u00e1i \u0111\u01b0\u1ee3c nhi\u1ec1u th\u00e0nh c\u00f4ng trong l\u0129nh v\u1ef1c n\u00e0y, \u0111\u1eb7c bi\u1ec7t l\u00e0 d\u1ef1 \u00e1n khu \u0111\u00f4 th\u1ecb ph\u1ee9c h\u1ee3p t\u1ea1i \u0110\u1ed3ng Nai. Lo\u1ea1i b\u1ea5t \u0111\u1ed9ng s\u1ea3n [&hellip;]<\/p>\n","protected":false},"author":1,"featured_media":0,"parent":0,"menu_order":0,"comment_status":"closed","ping_status":"closed","template":"templates\/page-introduce.php","meta":{"footnotes":""},"class_list":["post-304","page","type-page","status-publish","hentry"],"acf":[],"yoast_head":"<!-- This site is optimized with the Yoast SEO plugin v20.4 - https:\/\/yoast.com\/wordpress\/plugins\/seo\/ -->\n<title>Gi\u1edbi thi\u1ec7u - DL Investment<\/title>\n<meta name=\"robots\" content=\"index, follow, max-snippet:-1, max-image-preview:large, max-video-preview:-1\" \/>\n<link rel=\"canonical\" href=\"https:\/\/dl-investment.vn\/vi\/gioi-thieu\" \/>\n<meta property=\"og:locale\" content=\"vi_VN\" \/>\n<meta property=\"og:type\" content=\"article\" \/>\n<meta property=\"og:title\" content=\"Gi\u1edbi thi\u1ec7u - DL Investment\" \/>\n<meta property=\"og:description\" content=\"\u0110\u01b0\u1ee3c th\u00e0nh l\u1eadp v\u00e0o n\u0103m 2005 L\u00e0 m\u1ed9t c\u00f4ng ty \u0111\u1ea7u t\u01b0 v\u00e0 ph\u00e1t tri\u1ec3n b\u1ea5t \u0111\u1ed9ng s\u1ea3n, trong nh\u1eefng n\u0103m qua C\u00f4ng Ty TNHH DL Investment \u0111\u00e3 g\u1eb7t h\u00e1i \u0111\u01b0\u1ee3c nhi\u1ec1u th\u00e0nh c\u00f4ng trong l\u0129nh v\u1ef1c n\u00e0y, \u0111\u1eb7c bi\u1ec7t l\u00e0 d\u1ef1 \u00e1n khu \u0111\u00f4 th\u1ecb ph\u1ee9c h\u1ee3p t\u1ea1i \u0110\u1ed3ng Nai. Lo\u1ea1i b\u1ea5t \u0111\u1ed9ng s\u1ea3n [&hellip;]\" \/>\n<meta property=\"og:url\" content=\"https:\/\/dl-investment.vn\/vi\/gioi-thieu\" \/>\n<meta property=\"og:site_name\" content=\"DL Investment\" \/>\n<meta property=\"article:modified_time\" content=\"2023-03-20T07:07:23+00:00\" \/>\n<meta name=\"twitter:card\" content=\"summary_large_image\" \/>\n<meta name=\"twitter:label1\" content=\"Est. reading time\" \/>\n\t<meta name=\"twitter:data1\" content=\"3 minutes\" \/>\n<script type=\"application\/ld+json\" class=\"yoast-schema-graph\">{\"@context\":\"https:\/\/schema.org\",\"@graph\":[{\"@type\":\"WebPage\",\"@id\":\"https:\/\/dl-investment.vn\/vi\/gioi-thieu\",\"url\":\"https:\/\/dl-investment.vn\/vi\/gioi-thieu\",\"name\":\"Gi\u1edbi thi\u1ec7u - DL Investment\",\"isPartOf\":{\"@id\":\"https:\/\/dl-investment.vn\/vi#website\"},\"datePublished\":\"2021-07-17T08:17:04+00:00\",\"dateModified\":\"2023-03-20T07:07:23+00:00\",\"breadcrumb\":{\"@id\":\"https:\/\/dl-investment.vn\/vi\/gioi-thieu#breadcrumb\"},\"inLanguage\":\"vi-VN\",\"potentialAction\":[{\"@type\":\"ReadAction\",\"target\":[\"https:\/\/dl-investment.vn\/vi\/gioi-thieu\"]}]},{\"@type\":\"BreadcrumbList\",\"@id\":\"https:\/\/dl-investment.vn\/vi\/gioi-thieu#breadcrumb\",\"itemListElement\":[{\"@type\":\"ListItem\",\"position\":1,\"name\":\"\",\"item\":\"https:\/\/dl-investment.vn\/vi\"},{\"@type\":\"ListItem\",\"position\":2,\"name\":\"Gi\u1edbi thi\u1ec7u\"}]},{\"@type\":\"WebSite\",\"@id\":\"https:\/\/dl-investment.vn\/vi#website\",\"url\":\"https:\/\/dl-investment.vn\/vi\",\"name\":\"DL Investment\",\"description\":\"C\u00f4ng ty TNHH DL Investment\",\"publisher\":{\"@id\":\"https:\/\/dl-investment.vn\/vi#organization\"},\"potentialAction\":[{\"@type\":\"SearchAction\",\"target\":{\"@type\":\"EntryPoint\",\"urlTemplate\":\"https:\/\/dl-investment.vn\/vi?s={search_term_string}\"},\"query-input\":\"required name=search_term_string\"}],\"inLanguage\":\"vi-VN\"},{\"@type\":\"Organization\",\"@id\":\"https:\/\/dl-investment.vn\/vi#organization\",\"name\":\"DL Investment Copmpany Limited\",\"url\":\"https:\/\/dl-investment.vn\/vi\",\"logo\":{\"@type\":\"ImageObject\",\"inLanguage\":\"vi-VN\",\"@id\":\"https:\/\/dl-investment.vn\/vi#\/schema\/logo\/image\/\",\"url\":\"https:\/\/dl-investment.vn\/wp-content\/uploads\/2022\/09\/sharelogo.jpg\",\"contentUrl\":\"https:\/\/dl-investment.vn\/wp-content\/uploads\/2022\/09\/sharelogo.jpg\",\"width\":500,\"height\":305,\"caption\":\"DL Investment Copmpany Limited\"},\"image\":{\"@id\":\"https:\/\/dl-investment.vn\/vi#\/schema\/logo\/image\/\"}}]}<\/script>\n<!-- \/ Yoast SEO plugin. -->","yoast_head_json":{"title":"Gi\u1edbi thi\u1ec7u - DL Investment","robots":{"index":"index","follow":"follow","max-snippet":"max-snippet:-1","max-image-preview":"max-image-preview:large","max-video-preview":"max-video-preview:-1"},"canonical":"https:\/\/dl-investment.vn\/vi\/gioi-thieu","og_locale":"vi_VN","og_type":"article","og_title":"Gi\u1edbi thi\u1ec7u - DL Investment","og_description":"\u0110\u01b0\u1ee3c th\u00e0nh l\u1eadp v\u00e0o n\u0103m 2005 L\u00e0 m\u1ed9t c\u00f4ng ty \u0111\u1ea7u t\u01b0 v\u00e0 ph\u00e1t tri\u1ec3n b\u1ea5t \u0111\u1ed9ng s\u1ea3n, trong nh\u1eefng n\u0103m qua C\u00f4ng Ty TNHH DL Investment \u0111\u00e3 g\u1eb7t h\u00e1i \u0111\u01b0\u1ee3c nhi\u1ec1u th\u00e0nh c\u00f4ng trong l\u0129nh v\u1ef1c n\u00e0y, \u0111\u1eb7c bi\u1ec7t l\u00e0 d\u1ef1 \u00e1n khu \u0111\u00f4 th\u1ecb ph\u1ee9c h\u1ee3p t\u1ea1i \u0110\u1ed3ng Nai. Lo\u1ea1i b\u1ea5t \u0111\u1ed9ng s\u1ea3n [&hellip;]","og_url":"https:\/\/dl-investment.vn\/vi\/gioi-thieu","og_site_name":"DL Investment","article_modified_time":"2023-03-20T07:07:23+00:00","twitter_card":"summary_large_image","twitter_misc":{"Est. reading time":"3 minutes"},"schema":{"@context":"https:\/\/schema.org","@graph":[{"@type":"WebPage","@id":"https:\/\/dl-investment.vn\/vi\/gioi-thieu","url":"https:\/\/dl-investment.vn\/vi\/gioi-thieu","name":"Gi\u1edbi thi\u1ec7u - DL Investment","isPartOf":{"@id":"https:\/\/dl-investment.vn\/vi#website"},"datePublished":"2021-07-17T08:17:04+00:00","dateModified":"2023-03-20T07:07:23+00:00","breadcrumb":{"@id":"https:\/\/dl-investment.vn\/vi\/gioi-thieu#breadcrumb"},"inLanguage":"vi-VN","potentialAction":[{"@type":"ReadAction","target":["https:\/\/dl-investment.vn\/vi\/gioi-thieu"]}]},{"@type":"BreadcrumbList","@id":"https:\/\/dl-investment.vn\/vi\/gioi-thieu#breadcrumb","itemListElement":[{"@type":"ListItem","position":1,"name":"","item":"https:\/\/dl-investment.vn\/vi"},{"@type":"ListItem","position":2,"name":"Gi\u1edbi thi\u1ec7u"}]},{"@type":"WebSite","@id":"https:\/\/dl-investment.vn\/vi#website","url":"https:\/\/dl-investment.vn\/vi","name":"DL Investment","description":"C\u00f4ng ty TNHH DL Investment","publisher":{"@id":"https:\/\/dl-investment.vn\/vi#organization"},"potentialAction":[{"@type":"SearchAction","target":{"@type":"EntryPoint","urlTemplate":"https:\/\/dl-investment.vn\/vi?s={search_term_string}"},"query-input":"required name=search_term_string"}],"inLanguage":"vi-VN"},{"@type":"Organization","@id":"https:\/\/dl-investment.vn\/vi#organization","name":"DL Investment Copmpany Limited","url":"https:\/\/dl-investment.vn\/vi","logo":{"@type":"ImageObject","inLanguage":"vi-VN","@id":"https:\/\/dl-investment.vn\/vi#\/schema\/logo\/image\/","url":"https:\/\/dl-investment.vn\/wp-content\/uploads\/2022\/09\/sharelogo.jpg","contentUrl":"https:\/\/dl-investment.vn\/wp-content\/uploads\/2022\/09\/sharelogo.jpg","width":500,"height":305,"caption":"DL Investment Copmpany Limited"},"image":{"@id":"https:\/\/dl-investment.vn\/vi#\/schema\/logo\/image\/"}}]}},"_links":{"self":[{"href":"https:\/\/dl-investment.vn\/vi\/wp-json\/wp\/v2\/pages\/304","targetHints":{"allow":["GET"]}}],"collection":[{"href":"https:\/\/dl-investment.vn\/vi\/wp-json\/wp\/v2\/pages"}],"about":[{"href":"https:\/\/dl-investment.vn\/vi\/wp-json\/wp\/v2\/types\/page"}],"author":[{"embeddable":true,"href":"https:\/\/dl-investment.vn\/vi\/wp-json\/wp\/v2\/users\/1"}],"replies":[{"embeddable":true,"href":"https:\/\/dl-investment.vn\/vi\/wp-json\/wp\/v2\/comments?post=304"}],"version-history":[{"count":47,"href":"https:\/\/dl-investment.vn\/vi\/wp-json\/wp\/v2\/pages\/304\/revisions"}],"predecessor-version":[{"id":2079,"href":"https:\/\/dl-investment.vn\/vi\/wp-json\/wp\/v2\/pages\/304\/revisions\/2079"}],"wp:attachment":[{"href":"https:\/\/dl-investment.vn\/vi\/wp-json\/wp\/v2\/media?parent=304"}],"curies":[{"name":"wp","href":"https:\/\/api.w.org\/{rel}","templated":true}]}}